{"id":65,"date":"2025-08-18T14:10:58","date_gmt":"2025-08-18T11:10:58","guid":{"rendered":"https:\/\/dev.repeatauto.by\/?page_id=65"},"modified":"2025-08-18T15:01:02","modified_gmt":"2025-08-18T12:01:02","slug":"kalkulator","status":"publish","type":"page","link":"https:\/\/dev.repeatauto.by\/?page_id=65","title":{"rendered":"KALKULATOR"},"content":{"rendered":"\n<h2 class=\"wp-block-heading\">Jakie op\u0142aty za auto z Europy<\/h2>\n\n\n\n<h3 class=\"wp-block-heading\" id=\"akcyza\">Akcyza<\/h3>\n\n\n\n<p>Akcyza jest obowi\u0105zkowym podatkiem przy imporcie samochodu z zagranicy do Polski. Wysoko\u015b\u0107 podatku akcyzowego zale\u017cy od warto\u015bci samochodu, pojemno\u015bci i rodzaju silnika. Opodatkowanie podatku akcyzowego samochod\u00f3w osobowych reguluj\u0105 dwie ustawy:<\/p>\n\n\n\n<ul class=\"wp-block-list\">\n<li>USTAWA z dnia 6 grudnia 2008 r. o podatku akcyzowym<br><a href=\"https:\/\/isap.sejm.gov.pl\/isap.nsf\/download.xsp\/WDU20090030011\/U\/D20090011Lj.pdf\" target=\"_blank\" rel=\"noreferrer noopener\">&nbsp;https:\/\/isap.sejm.gov.pl\/isap.nsf\/download.xsp\/WDU20090030011\/U\/D20090011Lj.pdf<\/a><\/li>\n\n\n\n<li>USTAWA z dnia 11 stycznia 2018 r. o elektromobilno\u015bci i paliwach alternatywnych<br><a href=\"https:\/\/isap.sejm.gov.pl\/isap.nsf\/download.xsp\/WDU20180000317\/U\/D20180317Lj.pdf\" target=\"_blank\" rel=\"noreferrer noopener\">&nbsp;https:\/\/isap.sejm.gov.pl\/isap.nsf\/download.xsp\/WDU20180000317\/U\/D20180317Lj.pdf<\/a><\/li>\n<\/ul>\n\n\n\n<h3 class=\"wp-block-heading\" id=\"vat-auto\">VAT<\/h3>\n\n\n\n<p>Podczas kupna auta z zagranicy nale\u017cy zwr\u00f3ci\u0107 szczeg\u00f3ln\u0105 uwag\u0119 na oferowan\u0105 cen\u0119: netto lub brutto. Przy cenie netto do ceny auta, dostawy i prowizji dealera b\u0119dzie doliczony podatek VAT w wysoko\u015bci 23%. Nie dotyczy to aut kupionych na podstawie VAT-mar\u017ca.<\/p>\n\n\n\n<h3 class=\"wp-block-heading\" id=\"tlumaczenie-dokumentow\">T\u0142umaczenie dokument\u00f3w<\/h3>\n\n\n\n<p>Koszt t\u0142umaczenia zale\u017cy od liczby dokument\u00f3w i zazwyczaj wynosi od 100 do 200 z\u0142. <\/p>\n\n\n\n<h3 class=\"wp-block-heading\" id=\"registration\">Koszt rejestracji auta z  Europy<\/h3>\n\n\n\n<p>Koszt rejestracji auta z Niemiec innych kraj\u00f3w Europy wynosi 161,50 z\u0142. Obejmuje to koszt tablic rejestracyjnych, dowodu rejestracyjnego, pozwolenia czasowego, nalepki legalizacyjnej oraz op\u0142aty ewidencyjnej.<\/p>\n\n\n\n<h3 class=\"wp-block-heading\" id=\"przeglad\">Ile kosztuje przegl\u0105d techniczny auta z  Europy<\/h3>\n\n\n\n<p>Badanie techniczne jest wymagane dla wszystkich samochod\u00f3w sprowadzanych z zagranicy. Koszt badania technicznego wynosi 100 z\u0142 i przeprowadza go dealer samochodowy.<\/p>\n\n\n\n<h2 class=\"wp-block-heading\" id=\"dostawa\">&nbsp;Dostawa do Polski<\/h2>\n\n\n\n<p>Przeci\u0119tny koszt transportu auta do Polski wynosi:<\/p>\n\n\n\n<p>kraje\u00a0<strong>Ba\u0142tyckie<\/strong>\u00a0od 2700 z\u0142 (brutto)<\/p>\n\n\n\n<p><strong>Niemcy<\/strong>: od 3200 z\u0142 (brutto)<\/p>\n\n\n\n<p><strong>Belgia<\/strong>: od 3450 z\u0142 (brutto)<\/p>\n\n\n\n<p><strong>Holandia<\/strong>: od 3450 z\u0142 (brutto)<\/p>\n\n\n\n<p><strong>Szwecja<\/strong>: od 3400 z\u0142 (brutto)<\/p>\n\n\n\n<p><strong>Francja<\/strong>\u00a0(Pary\u017c): od 3450 z\u0142 (brutto)<\/p>\n\n\n\n<p><strong>Francja<\/strong>\u00a0(poza Pary\u017cem): od 4200 z\u0142 (brutto)<\/p>\n\n\n\n<p><strong>W\u0142ochy<\/strong>: od 4550 z\u0142 (brutto)<\/p>\n\n\n\n<p><strong>Hiszpania<\/strong>: od 5700 z\u0142 (brutto)<\/p>\n","protected":false},"excerpt":{"rendered":"<p>Jakie op\u0142aty za auto z Europy Akcyza Akcyza jest obowi\u0105zkowym podatkiem przy imporcie samochodu z [&hellip;]<\/p>\n","protected":false},"author":1,"featured_media":66,"parent":0,"menu_order":0,"comment_status":"closed","ping_status":"closed","template":"","meta":{"footnotes":""},"class_list":["post-65","page","type-page","status-publish","has-post-thumbnail","hentry"],"_links":{"self":[{"href":"https:\/\/dev.repeatauto.by\/index.php?rest_route=\/wp\/v2\/pages\/65","targetHints":{"allow":["GET"]}}],"collection":[{"href":"https:\/\/dev.repeatauto.by\/index.php?rest_route=\/wp\/v2\/pages"}],"about":[{"href":"https:\/\/dev.repeatauto.by\/index.php?rest_route=\/wp\/v2\/types\/page"}],"author":[{"embeddable":true,"href":"https:\/\/dev.repeatauto.by\/index.php?rest_route=\/wp\/v2\/users\/1"}],"replies":[{"embeddable":true,"href":"https:\/\/dev.repeatauto.by\/index.php?rest_route=%2Fwp%2Fv2%2Fcomments&post=65"}],"version-history":[{"count":7,"href":"https:\/\/dev.repeatauto.by\/index.php?rest_route=\/wp\/v2\/pages\/65\/revisions"}],"predecessor-version":[{"id":95,"href":"https:\/\/dev.repeatauto.by\/index.php?rest_route=\/wp\/v2\/pages\/65\/revisions\/95"}],"wp:featuredmedia":[{"embeddable":true,"href":"https:\/\/dev.repeatauto.by\/index.php?rest_route=\/wp\/v2\/media\/66"}],"wp:attachment":[{"href":"https:\/\/dev.repeatauto.by\/index.php?rest_route=%2Fwp%2Fv2%2Fmedia&parent=65"}],"curies":[{"name":"wp","href":"https:\/\/api.w.org\/{rel}","templated":true}]}}