{"id":69,"date":"2025-08-18T14:14:00","date_gmt":"2025-08-18T11:14:00","guid":{"rendered":"https:\/\/dev.repeatauto.by\/?page_id=69"},"modified":"2025-08-19T14:47:19","modified_gmt":"2025-08-19T11:47:19","slug":"blog","status":"publish","type":"page","link":"https:\/\/dev.repeatauto.by\/?page_id=69","title":{"rendered":"BLOG"},"content":{"rendered":"\n<h2 class=\"wp-block-heading\">F.A.Q.<\/h2>\n\n\n\n<p><strong>Dlaczego wymagany jest depozyt?<\/strong><\/p>\n\n\n\n<p>Depozyt gwarantuje, \u017ce powa\u017cnie traktujesz kwesti\u0119 nabycia samochodu, chroni\u0105c nas w przypadku anulowania zakupu.<\/p>\n\n\n\n<p>Oferujemy przejrzyste warunki zwrotu: mo\u017cesz zrezygnowa\u0107 z transakcji i zwr\u00f3ci\u0107 pe\u0142n\u0105 kwot\u0119 depozytu w dowolnym momencie przed wygraniem aukcji lub podpisaniem umowy z dealerem.<\/p>\n\n\n\n<p><strong>Jaki jest stan aut z aukcji?<\/strong><\/p>\n\n\n\n<p>Europejskie aukcje, w przeciwie\u0144stwie do ameryka\u0144skich, wystawiaj\u0105 samochody sprawne i nieuszkodzone.<\/p>\n\n\n\n<p>Je\u015bli sprowadzony samoch\u00f3d nie odpowiada deklarowanym informacjom, sk\u0142adamy reklamacj\u0119. Zwykle prowadzi to do odszkodowania za napraw\u0119 lub nawet zwrot samochodu. Jednak z praktyki wynika, \u017ce jest to do\u015b\u0107 rzadki przypadek.<\/p>\n\n\n\n<p>Ka\u017cdy samoch\u00f3d przed wystawieniem na aukcj\u0119 jest dok\u0142adnie sprawdzany przez niezale\u017cne firmy, takie jak Dekra, Macadam, TUV itp. Dostarczamy szczeg\u00f3\u0142owe raporty dotycz\u0105ce stanu ka\u017cdego samochodu, w tym histori\u0119 serwisow\u0105 i szczeg\u00f3\u0142owe zdj\u0119cia.<\/p>\n\n\n\n<p><strong>Jakie s\u0105 formalno\u015bci zwi\u0105zane z zakupem samochodu nie w Polsce?<\/strong><\/p>\n\n\n\n<p>Sprowadzamy samoch\u00f3d pod klucz, zajmuj\u0105c si\u0119 ca\u0142ym procesem poszukiwania, zakupu, dostawy i przygotowania do rejestracji w Polsce.<\/p>\n\n\n\n<p><strong>Jak d\u0142ugo to wszystko trwa?<\/strong><\/p>\n\n\n\n<p>Czas potrzebny na import samochodu zale\u017cy od lokalizacji i \u017ar\u00f3d\u0142a, z kt\u00f3rego zosta\u0142 on zakupiony. Zwykle na aukcjach ca\u0142y proces zakupu trwa nieco d\u0142u\u017cej ni\u017c u dealer\u00f3w.<\/p>\n\n\n\n<p>\u015arednio jednak od rozpocz\u0119cia poszukiwa\u0144 do gotowo\u015bci pakietu dokument\u00f3w do rejestracji mija oko\u0142o miesi\u0105ca. Jednocze\u015bnie staramy si\u0119 maksymalnie zoptymalizowa\u0107 i przyspieszy\u0107 wszystkie etapy, regularnie informuj\u0105c o post\u0119pach ka\u017cdego procesu.<\/p>\n\n\n\n<p><strong>Co obejmuje cena &#171;pod klucz&#187;? Kiedy i w jaki spos\u00f3b dokonywana jest p\u0142atno\u015b\u0107?<\/strong><\/p>\n\n\n\n<p>Cena &#171;pod klucz&#187; jest ustalana na podstawie wcze\u015bniej uzgodnionego bud\u017cetu dla ka\u017cdego auta i obejmuje:<\/p>\n\n\n\n<ul class=\"wp-block-list\">\n<li>warto\u015b\u0107 auta wed\u0142ug wygranej stawki<\/li>\n\n\n\n<li>prowizj\u0119 aukcyjn\u0105<\/li>\n\n\n\n<li>dostaw\u0119<\/li>\n\n\n\n<li>podatek akcyzowy<\/li>\n\n\n\n<li>przegl\u0105d techniczny<\/li>\n\n\n\n<li>prowizj\u0119 SDF Trade<\/li>\n\n\n\n<li>VAT 23%<\/li>\n<\/ul>\n\n\n\n<p>P\u0142atno\u015bci nale\u017cy dokona\u0107 w ci\u0105gu dw\u00f3ch dni roboczych od daty wygrania samochodu. Ka\u017cda transakcja zostanie uwzgl\u0119dniona na ko\u0144cowej fakturze VAT23%, kt\u00f3ra stanowi oficjalne potwierdzenie zakupu samochodu.<\/p>\n\n\n\n<p>Dla przejrzysto\u015bci oblicze\u0144 udost\u0119pniamy mo\u017cliwo\u015b\u0107 skorzystania z kalkulatora koszt\u00f3w<\/p>\n\n\n\n<p><strong>Kt\u00f3re samochody lepiej kupi\u0107 na aukcji?<\/strong><\/p>\n\n\n\n<p>Na europejskich aukcjach leasingowych wystawiane s\u0105 zazwyczaj samochody r\u00f3\u017cnych marek, wyprodukowane w latach 2017-2023, z przebiegiem nieprzekraczaj\u0105cym 200 000 kilometr\u00f3w i z dobrym wyposa\u017ceniem.<\/p>\n\n\n\n<p>Wi\u0119kszo\u015b\u0107 samochod\u00f3w pochodzi jednak z lat 2019-2022 i jest w dobrym stanie technicznym.<\/p>\n\n\n\n<p><strong>Czy naprawd\u0119 mo\u017cna zaoszcz\u0119dzi\u0107?<\/strong><\/p>\n\n\n\n<p>Samochody na aukcjach i od dealer\u00f3w s\u0105 cz\u0119sto dost\u0119pne w cenach ni\u017cszych ni\u017c na polskim rynku, \u015brednio o 5-10% mniej. Koszt mo\u017ce si\u0119 jednak r\u00f3\u017cni\u0107 w zale\u017cno\u015bci od stanu, przebiegu i wyposa\u017cenia.<\/p>\n\n\n\n<p><strong>W jaki spos\u00f3b auto b\u0119dzie dostarczone do Polski?<\/strong><\/p>\n\n\n\n<p>Dostarczamy auta naszych klient\u00f3w wy\u0142\u0105cznie ci\u0119\u017car\u00f3wkami z dowolnego miejsca w Europie. Wsp\u00f3\u0142pracujemy z wielkimi i zaufanymi przewo\u017anikami, dzi\u0119ki czemu ka\u017cdy samoch\u00f3d jest ubezpieczony przez ca\u0142y okres transportu.<\/p>\n\n\n\n<p>Po zako\u0144czeniu przygotowania samochodu do eksportu przez dealera lub aukcj\u0119 leasingow\u0105 \u0142adujemy go i wysy\u0142amy na nasz plac samochodowy w celu dalszej kontroli.<\/p>\n\n\n\n<p>Czas dostawy bezpo\u015brednio zale\u017cy od lokalizacji auta i trasy przewo\u017anika, co jest trudne do przewidzenia.<\/p>\n\n\n\n<p>Ponadto zajmujemy si\u0119 transportem samochod\u00f3w oddzielnie od zakupu. W takim przypadku dostarczamy samoch\u00f3d pod wskazany adres. Zapoznaj si\u0119 z&nbsp;cennikiem<\/p>\n\n\n\n<p><strong>Jak rozpocz\u0105\u0107 wsp\u00f3\u0142prac\u0119 z nami?<\/strong><\/p>\n\n\n\n<p>Na pocz\u0105tek poznajemy Twoj\u0119 oczekiwania i doradzamy mo\u017cliwo\u015bci zakupu w okre\u015blony bud\u017cet. Do tego przesy\u0142amy kilka przyk\u0142adowych ofert z naszych \u017ar\u00f3de\u0142, aby pokaza\u0107, na jakie opcje mo\u017cna liczy\u0107.<\/p>\n\n\n\n<p>Nast\u0119pnie przechodzimy do procesu formalnej wsp\u00f3\u0142pracy, podpisuj\u0105c bezterminow\u0105 umow\u0119, do kt\u00f3rej potrzebne s\u0105 podstawowe dane osobiste. W zale\u017cno\u015bci od rodzaju transakcji tak\u017ce wymagamy wp\u0142aty depozytu.<\/p>\n\n\n\n<p><strong>Jak przebiegaj\u0105 ogl\u0119dziny pojazdu w Niemczech?<\/strong><\/p>\n\n\n\n<p>Oferujemy mo\u017cliwo\u015b\u0107 przeprowadzenia ogl\u0119dzin wybranego\/ych aut przez naszego specjalist\u0119. Koszt us\u0142ugi zale\u017cy od lokalizacji i wynosi 1 000\u20132 000 z\u0142 \/samoch\u00f3d.<\/p>\n\n\n\n<p>Zakres inspekcji obejmuje:<\/p>\n\n\n\n<ul class=\"wp-block-list\">\n<li>Ocen\u0119 stanu technicznego i wizualnego wn\u0119trza oraz karoserii<\/li>\n\n\n\n<li>Pomiar grubo\u015bci pow\u0142oki lakierniczej \u2013 wykrycie ewentualnych napraw blacharskich<\/li>\n\n\n\n<li>Sprawdzenie rzeczywisto\u015bci przebiegu, dokumentacji, szyb, ogumienia, \u015bwiate\u0142, elektroniki, ewentualnych szczelin i wyciek\u00f3w oraz pozosta\u0142ych element\u00f3w<\/li>\n\n\n\n<li>Diagnostyk\u0119 komputerow\u0105 (je\u015bli to mo\u017cliwe)<\/li>\n\n\n\n<li>Jazd\u0119 testow\u0105 \u2013 ocena pracy silnika, skrzyni bieg\u00f3w, zawieszenia itd. (je\u015bli to mo\u017cliwe)<\/li>\n\n\n\n<li>Negocjacj\u0119 ceny<\/li>\n<\/ul>\n\n\n\n<p>Po inspekcji otrzymasz szczeg\u00f3\u0142owe zdj\u0119cia oraz filmiki dokumentuj\u0105ce rzeczywisty stan pojazdu oraz podsumowanie wynik\u00f3w ogl\u0119dzin.<\/p>\n\n\n\n<p><strong>Aukcja czy dealer \u2013 kt\u00f3r\u0105 opcj\u0119 wybra\u0107?<\/strong><\/p>\n\n\n\n<p>Zakup auta od dealera samochodowego to szybsza i bezpieczniejsza opcja dla os\u00f3b, kt\u00f3re chc\u0105 dok\u0142adnie sprawdzi\u0107 samoch\u00f3d przed zakupem. Dealerzy oferuj\u0105 szerszy wyb\u00f3r marek i modeli z bogatszym wyposa\u017ceniem oraz gwarancj\u0105 dla os\u00f3b fizycznych.<\/p>\n\n\n\n<p>Aukcje poleasingowe z kolei to idealne rozwi\u0105zanie dla tych, kt\u00f3rzy szukaj\u0105 oszcz\u0119dno\u015bci \u2013 niekt\u00f3re modele mog\u0105 by\u0107 tam tansze nawet o 5\u201315% ni\u017c w Polsce. Pojazdy z aukcji maj\u0105 sprawdzony stan techniczny i s\u0105 cz\u0119sto w \u015bwietnym stanie. Jednak nie mo\u017cna ich obejrze\u0107 przed zakupem, a proces zakupu mo\u017ce potrwa\u0107 d\u0142u\u017cej ze wzgl\u0119du na konieczno\u015b\u0107 wygrania licytacji i formalno\u015bci.<\/p>\n\n\n\n<p>Zar\u00f3wno auta z aukcji, jak i od dealer\u00f3w charakteryzuj\u0105 si\u0119 oryginalnymi przebiegami i serwisowaniem w ASO danej marki. Natomiast aukcje to opcja dla os\u00f3b szukaj\u0105cych oszcz\u0119dno\u015bci, natomiast dealerzy lepiej sprawdz\u0105 si\u0119 dla tych, kt\u00f3rym zale\u017cy na czasie i mo\u017cliwo\u015bci dok\u0142adnej weryfikacji pojazdu przed zakupem.<\/p>\n\n\n\n<p><strong>Auto z Europy VS Ameryki?<\/strong><\/p>\n\n\n\n<p>W przeciwie\u0144stwie do aut z USA, europejski rynek najcz\u0119\u015bciej oferuje bezwypadkowe auta, kt\u00f3re zazwyczaj nie wymagaj\u0105 kosztownych napraw przed rejestracj\u0105. Przebiegi i stan techniczny s\u0105 dobrze udokumentowane, a historia serwisowa jest bardziej przejrzysta.<\/p>\n\n\n\n<p>Natomiast auta w Europie s\u0105 dro\u017csze ni\u017c w USA, ale lepszy stan i pewna historia maj\u0105 szczeg\u00f3lne znaczenie w przypadku dro\u017cszych i nowszych pojazd\u00f3w, kt\u00f3re zachowuj\u0105 wi\u0119ksz\u0105 warto\u015b\u0107 przy odsprzeda\u017cy.<\/p>\n\n\n\n<p>Import samochodu z Europy jest kilkokrotnie szybszy ni\u017c z USA.<\/p>\n\n\n\n<p><\/p>\n","protected":false},"excerpt":{"rendered":"<p>F.A.Q. Dlaczego wymagany jest depozyt? Depozyt gwarantuje, \u017ce powa\u017cnie traktujesz kwesti\u0119 nabycia samochodu, chroni\u0105c nas [&hellip;]<\/p>\n","protected":false},"author":1,"featured_media":0,"parent":0,"menu_order":0,"comment_status":"closed","ping_status":"closed","template":"","meta":{"footnotes":""},"class_list":["post-69","page","type-page","status-publish","hentry"],"_links":{"self":[{"href":"https:\/\/dev.repeatauto.by\/index.php?rest_route=\/wp\/v2\/pages\/69","targetHints":{"allow":["GET"]}}],"collection":[{"href":"https:\/\/dev.repeatauto.by\/index.php?rest_route=\/wp\/v2\/pages"}],"about":[{"href":"https:\/\/dev.repeatauto.by\/index.php?rest_route=\/wp\/v2\/types\/page"}],"author":[{"embeddable":true,"href":"https:\/\/dev.repeatauto.by\/index.php?rest_route=\/wp\/v2\/users\/1"}],"replies":[{"embeddable":true,"href":"https:\/\/dev.repeatauto.by\/index.php?rest_route=%2Fwp%2Fv2%2Fcomments&post=69"}],"version-history":[{"count":5,"href":"https:\/\/dev.repeatauto.by\/index.php?rest_route=\/wp\/v2\/pages\/69\/revisions"}],"predecessor-version":[{"id":176,"href":"https:\/\/dev.repeatauto.by\/index.php?rest_route=\/wp\/v2\/pages\/69\/revisions\/176"}],"wp:attachment":[{"href":"https:\/\/dev.repeatauto.by\/index.php?rest_route=%2Fwp%2Fv2%2Fmedia&parent=69"}],"curies":[{"name":"wp","href":"https:\/\/api.w.org\/{rel}","templated":true}]}}