{"id":72,"date":"2025-08-18T14:18:26","date_gmt":"2025-08-18T11:18:26","guid":{"rendered":"https:\/\/dev.repeatauto.by\/?page_id=72"},"modified":"2025-08-18T15:19:40","modified_gmt":"2025-08-18T12:19:40","slug":"uslugi","status":"publish","type":"page","link":"https:\/\/dev.repeatauto.by\/?page_id=72","title":{"rendered":"Us\u0142ugi"},"content":{"rendered":"\n<h1 class=\"wp-block-heading\">Samochody poleasingowe z  Europy na zam\u00f3wienie<\/h1>\n\n\n\n<p>Wyb\u00f3r, Przegl\u0105d, Dostawa i Przygotowanie do rejestracji<\/p>\n\n\n\n<p>Auta poleasingowe, kt\u00f3re dla Ciebie wyszukujemy, s\u0105 przez nas wyselekcjonowane, zweryfikowane, bezwypadkowe, z potwierdzon\u0105 histori\u0105 serwisow\u0105.<\/p>\n\n\n\n<p>Wyszukujemy dla Ciebie auta, kt\u00f3re s\u0105 starannie wybierane przez naszych specjalist\u00f3w oraz dok\u0142adnie weryfikowane pod k\u0105tem czysto\u015bci prawnej, bezwypadkowo\u015bci i posiadania potwierdzonej historii serwisowej.<\/p>\n\n\n\n<p>To idealne rozwi\u0105zanie dla os\u00f3b, kt\u00f3re ceni\u0105 sobie czas i chc\u0105 bezpiecznie kupi\u0107 wymarzony samoch\u00f3d z Europy bez wychodzenia z domu. Wystarczy, \u017ce przyjedziesz do nas tylko raz \u2013 aby odebra\u0107 auto po otrzymaniu tablic rejestracyjnych w Urz\u0119dzie Komunikacji.<\/p>\n\n\n\n<p><strong>Oferujemy pe\u0142en zakres us\u0142ug zwi\u0105zanych z nabyciem samochod\u00f3w w Niemczech i innych krajach unii Europejskiej w bud\u017cecie\u00a0<\/strong><\/p>\n\n\n\n<h2 class=\"wp-block-heading\">Poszukiwanie<\/h2>\n\n\n\n<p>Poszukujemy samochody zar\u00f3wno na stronach og\u00f3lnodost\u0119pnych, jak mobile.de, autoscout24.de, tak i na stronach dealer\u00f3w samochodowych oraz aukcjach firm leasingowych, a tak\u017ce w ramach ekskluzywnych ofert od naszych partner\u00f3w z ca\u0142ej Europy.<\/p>\n\n\n\n<p>Pracujemy dop\u00f3ki nie znajdziemy odpowiedniego samochodu dla Ciebie, bez ogranicze\u0144 czasowych.<\/p>\n\n\n\n<h2 class=\"wp-block-heading\">Ogl\u0119dziny<\/h2>\n\n\n\n<p>Na \u017cyczenie i za dodatkow\u0105 op\u0142at\u0105\u202foferujemy us\u0142ug\u0119 inspekcji pojazdu przed zakupem u dealera. Koszt zale\u017cny jest od lokalizacji i wielko\u015bci auta. Nasz specjalista na miejscu sprawdzi ksi\u0105\u017ck\u0119 serwisow\u0105, stan pow\u0142oki lakierniczej, rysy, wgniecenia, szczeliny technologiczne, wycieki z silnika i prac\u0119, stan ogumienia, prac\u0119 skrzyni bieg\u00f3w, zawieszenia oraz nagra filmiki i wykona zdj\u0119cia, dok\u0142adnie dokumentuj\u0105c stan pojazdu z zewn\u0105trz i wewn\u0105trz. Poza tym, przeprowadzi jazd\u0119 testow\u0105 podczas kt\u00f3rej ka\u017cdy element pojazdu zostanie starannie zdiagnozowany.<\/p>\n\n\n\n<h2 class=\"wp-block-heading\">Transport<\/h2>\n\n\n\n<p>Dostarczamy samochody na lawecie z dowolnego kraju Europy do Polski i nie tylko. Istnieje r\u00f3wnie\u017c mo\u017cliwo\u015b\u0107 dostawy samochod\u00f3w z pomoc\u0105 naszych do\u015bwiadczonych kierowc\u00f3w. Co wi\u0119cej, tw\u00f3j samoch\u00f3d zostanie ubezpieczony na ca\u0142ym odcinku podr\u00f3\u017cy, wi\u0119c nie musisz si\u0119 martwi\u0107 o jego bezpiecze\u0144stwo.<\/p>\n\n\n\n<h2 class=\"wp-block-heading\">W pe\u0142ni gotowe<\/h2>\n\n\n\n<p>Po sprowadzeniu samochodu do Polski przygotujemy dokumenty, a tak\u017ce uiszczamy wszystkie niezb\u0119dne op\u0142aty, po czym przekazujemy Tobie auto w pe\u0142ni gotowy do rejestracji w Polsce.<\/p>\n\n\n\n<p>Dla klient\u00f3w w Bia\u0142ymstoku i okolic oferujemy r\u00f3wnie\u017c wsparcie w procesie rejestracji auta w Urz\u0119dzie bez konieczno\u015bci Pa\u0144stwa udzia\u0142u.<\/p>\n\n\n\n<p><\/p>\n","protected":false},"excerpt":{"rendered":"<p>Samochody poleasingowe z Europy na zam\u00f3wienie Wyb\u00f3r, Przegl\u0105d, Dostawa i Przygotowanie do rejestracji Auta poleasingowe, [&hellip;]<\/p>\n","protected":false},"author":1,"featured_media":0,"parent":0,"menu_order":0,"comment_status":"closed","ping_status":"closed","template":"","meta":{"footnotes":""},"class_list":["post-72","page","type-page","status-publish","hentry"],"_links":{"self":[{"href":"https:\/\/dev.repeatauto.by\/index.php?rest_route=\/wp\/v2\/pages\/72","targetHints":{"allow":["GET"]}}],"collection":[{"href":"https:\/\/dev.repeatauto.by\/index.php?rest_route=\/wp\/v2\/pages"}],"about":[{"href":"https:\/\/dev.repeatauto.by\/index.php?rest_route=\/wp\/v2\/types\/page"}],"author":[{"embeddable":true,"href":"https:\/\/dev.repeatauto.by\/index.php?rest_route=\/wp\/v2\/users\/1"}],"replies":[{"embeddable":true,"href":"https:\/\/dev.repeatauto.by\/index.php?rest_route=%2Fwp%2Fv2%2Fcomments&post=72"}],"version-history":[{"count":2,"href":"https:\/\/dev.repeatauto.by\/index.php?rest_route=\/wp\/v2\/pages\/72\/revisions"}],"predecessor-version":[{"id":99,"href":"https:\/\/dev.repeatauto.by\/index.php?rest_route=\/wp\/v2\/pages\/72\/revisions\/99"}],"wp:attachment":[{"href":"https:\/\/dev.repeatauto.by\/index.php?rest_route=%2Fwp%2Fv2%2Fmedia&parent=72"}],"curies":[{"name":"wp","href":"https:\/\/api.w.org\/{rel}","templated":true}]}}