{"id":76,"date":"2025-08-18T14:20:47","date_gmt":"2025-08-18T11:20:47","guid":{"rendered":"https:\/\/dev.repeatauto.by\/?page_id=76"},"modified":"2025-08-18T15:11:27","modified_gmt":"2025-08-18T12:11:27","slug":"o-nas","status":"publish","type":"page","link":"https:\/\/dev.repeatauto.by\/?page_id=76","title":{"rendered":"O NAS"},"content":{"rendered":"\n<h1 class=\"wp-block-heading\">O nas<\/h1>\n\n\n\n<blockquote class=\"wp-block-quote is-layout-flow wp-block-quote-is-layout-flow\">\n<p>Grupa Sp\u00f3\u0142ek SDF Trade specjalizuje si\u0119 w imporcie samochod\u00f3w z Europy do Polski na zam\u00f3wienie. Dzia\u0142amy na rynku od 2023 roku, sprowadzaj\u0105c ponad 20 samochod\u00f3w miesi\u0119cznie dla naszych klient\u00f3w. Nasza firma zatrudnia 10 specjalist\u00f3w z zakresu sprzeda\u017cy samochod\u00f3w, logistyki i ekonomii.<\/p>\n\n\n\n<p>Naszym klientom oferujemy najlepsze i spersonalizowane oferty samochod\u00f3w poprzez bezpo\u015bredni dost\u0119p do aukcji najwi\u0119kszych firm leasingowych, bank\u00f3w i dealer\u00f3w w Europie.<\/p>\n<\/blockquote>\n","protected":false},"excerpt":{"rendered":"<p>O nas Grupa Sp\u00f3\u0142ek SDF Trade specjalizuje si\u0119 w imporcie samochod\u00f3w z Europy do Polski [&hellip;]<\/p>\n","protected":false},"author":1,"featured_media":0,"parent":0,"menu_order":0,"comment_status":"closed","ping_status":"closed","template":"","meta":{"footnotes":""},"class_list":["post-76","page","type-page","status-publish","hentry"],"_links":{"self":[{"href":"https:\/\/dev.repeatauto.by\/index.php?rest_route=\/wp\/v2\/pages\/76","targetHints":{"allow":["GET"]}}],"collection":[{"href":"https:\/\/dev.repeatauto.by\/index.php?rest_route=\/wp\/v2\/pages"}],"about":[{"href":"https:\/\/dev.repeatauto.by\/index.php?rest_route=\/wp\/v2\/types\/page"}],"author":[{"embeddable":true,"href":"https:\/\/dev.repeatauto.by\/index.php?rest_route=\/wp\/v2\/users\/1"}],"replies":[{"embeddable":true,"href":"https:\/\/dev.repeatauto.by\/index.php?rest_route=%2Fwp%2Fv2%2Fcomments&post=76"}],"version-history":[{"count":2,"href":"https:\/\/dev.repeatauto.by\/index.php?rest_route=\/wp\/v2\/pages\/76\/revisions"}],"predecessor-version":[{"id":97,"href":"https:\/\/dev.repeatauto.by\/index.php?rest_route=\/wp\/v2\/pages\/76\/revisions\/97"}],"wp:attachment":[{"href":"https:\/\/dev.repeatauto.by\/index.php?rest_route=%2Fwp%2Fv2%2Fmedia&parent=76"}],"curies":[{"name":"wp","href":"https:\/\/api.w.org\/{rel}","templated":true}]}}